{"id":2330,"date":"2024-06-28T19:15:26","date_gmt":"2024-06-28T19:15:26","guid":{"rendered":"https:\/\/noviovino.nl\/?post_type=product&#038;p=2330"},"modified":"2024-08-13T15:55:30","modified_gmt":"2024-08-13T15:55:30","slug":"spumante-rose","status":"publish","type":"product","link":"https:\/\/noviovino.nl\/?product=spumante-rose","title":{"rendered":"Spumante Ros\u00e9"},"content":{"rendered":"<p>De eerste versie van deze Ros\u00e9 Spumante is eigenlijk uit intu\u00eftie geboren in een zomerse nacht aan het Gardameer. Sergio en Raffaela Delai besloten die nacht om de Charmat methode te gaan toepassen op de vinificatie van hun befaamde ros\u00e9, de \u2018Notte Rosa\u2019. Ze pasten een strenge selectie toe op de beste, natuurlijk gearomatiseerde druiven.<\/p>\n<p>De bloemige most en de 2<sup>e<\/sup> gisting op lage temperatuur geven deze wijn een fijne, homogene en persisterende perlage die de aroma\u2019 s van aardbeien, witte bloemen en rozenblaadjes bekrachtigt.<\/p>\n<p>Deze Spumante Ros\u00e9 is zuiver, delicaat en in harmonie en heeft smaaktonen van aardbeien, witte bloemen en rozenblaadjes.<\/p>\n<p>Daarnaast heeft hij een fijne, homogene en consistente \u2018sprankeling\u2019.<\/p>\n<p><strong>\u00a0<\/strong><\/p>\n<p>&nbsp;<\/p>\n<p>&nbsp;<\/p>\n<p>&nbsp;<\/p>\n<p>&nbsp;<\/p>\n","protected":false},"excerpt":{"rendered":"<h3><b>Druiven<\/b><\/h3>\n<p>Groppello Gentile, Barbera en Sangiovese<\/p>\n<h3><b>Te combineren met<\/b><\/h3>\n<p>Aperitivi, antipasti, voorgerechten en past prima bij visgerechten<\/p>\n<h3><b>Temperatuur<\/b><\/h3>\n<p><span style=\"font-weight: 400;\">Serveren tussen 8-10 graden Celsius<\/span><\/p>\n<h3><b>Percentage<\/b><\/h3>\n<p><span style=\"font-weight: 400;\">13%<\/span><\/p>\n","protected":false},"featured_media":2649,"comment_status":"open","ping_status":"closed","template":"","meta":{"inline_featured_image":false,"ocean_post_layout":"","ocean_both_sidebars_style":"","ocean_both_sidebars_content_width":0,"ocean_both_sidebars_sidebars_width":0,"ocean_sidebar":"0","ocean_second_sidebar":"0","ocean_disable_margins":"enable","ocean_add_body_class":"","ocean_shortcode_before_top_bar":"","ocean_shortcode_after_top_bar":"","ocean_shortcode_before_header":"","ocean_shortcode_after_header":"","ocean_has_shortcode":"","ocean_shortcode_after_title":"","ocean_shortcode_before_footer_widgets":"","ocean_shortcode_after_footer_widgets":"","ocean_shortcode_before_footer_bottom":"","ocean_shortcode_after_footer_bottom":"","ocean_display_top_bar":"default","ocean_display_header":"default","ocean_header_style":"","ocean_center_header_left_menu":"0","ocean_custom_header_template":"0","ocean_custom_logo":0,"ocean_custom_retina_logo":0,"ocean_custom_logo_max_width":0,"ocean_custom_logo_tablet_max_width":0,"ocean_custom_logo_mobile_max_width":0,"ocean_custom_logo_max_height":0,"ocean_custom_logo_tablet_max_height":0,"ocean_custom_logo_mobile_max_height":0,"ocean_header_custom_menu":"0","ocean_menu_typo_font_family":"0","ocean_menu_typo_font_subset":"","ocean_menu_typo_font_size":0,"ocean_menu_typo_font_size_tablet":0,"ocean_menu_typo_font_size_mobile":0,"ocean_menu_typo_font_size_unit":"px","ocean_menu_typo_font_weight":"","ocean_menu_typo_font_weight_tablet":"","ocean_menu_typo_font_weight_mobile":"","ocean_menu_typo_transform":"","ocean_menu_typo_transform_tablet":"","ocean_menu_typo_transform_mobile":"","ocean_menu_typo_line_height":0,"ocean_menu_typo_line_height_tablet":0,"ocean_menu_typo_line_height_mobile":0,"ocean_menu_typo_line_height_unit":"","ocean_menu_typo_spacing":0,"ocean_menu_typo_spacing_tablet":0,"ocean_menu_typo_spacing_mobile":0,"ocean_menu_typo_spacing_unit":"","ocean_menu_link_color":"","ocean_menu_link_color_hover":"","ocean_menu_link_color_active":"","ocean_menu_link_background":"","ocean_menu_link_hover_background":"","ocean_menu_link_active_background":"","ocean_menu_social_links_bg":"","ocean_menu_social_hover_links_bg":"","ocean_menu_social_links_color":"","ocean_menu_social_hover_links_color":"","ocean_disable_title":"default","ocean_disable_heading":"default","ocean_post_title":"","ocean_post_subheading":"","ocean_post_title_style":"","ocean_post_title_background_color":"","ocean_post_title_background":0,"ocean_post_title_bg_image_position":"","ocean_post_title_bg_image_attachment":"","ocean_post_title_bg_image_repeat":"","ocean_post_title_bg_image_size":"","ocean_post_title_height":0,"ocean_post_title_bg_overlay":0.5,"ocean_post_title_bg_overlay_color":"","ocean_disable_breadcrumbs":"default","ocean_breadcrumbs_color":"","ocean_breadcrumbs_separator_color":"","ocean_breadcrumbs_links_color":"","ocean_breadcrumbs_links_hover_color":"","ocean_display_footer_widgets":"default","ocean_display_footer_bottom":"default","ocean_custom_footer_template":"0"},"product_brand":[],"product_cat":[33,35],"product_tag":[],"class_list":{"0":"post-2330","1":"product","2":"type-product","3":"status-publish","4":"has-post-thumbnail","6":"product_cat-bubbels","7":"product_cat-rose","9":"entry","10":"has-media","12":"first","13":"instock","14":"shipping-taxable","15":"product-type-simple","16":"has-product-nav","17":"col","18":"span_1_of_3","19":"owp-content-center","20":"owp-thumbs-layout-horizontal","21":"owp-btn-normal","22":"owp-tabs-layout-horizontal","23":"has-no-thumbnails"},"_links":{"self":[{"href":"https:\/\/noviovino.nl\/index.php?rest_route=\/wp\/v2\/product\/2330","targetHints":{"allow":["GET"]}}],"collection":[{"href":"https:\/\/noviovino.nl\/index.php?rest_route=\/wp\/v2\/product"}],"about":[{"href":"https:\/\/noviovino.nl\/index.php?rest_route=\/wp\/v2\/types\/product"}],"replies":[{"embeddable":true,"href":"https:\/\/noviovino.nl\/index.php?rest_route=%2Fwp%2Fv2%2Fcomments&post=2330"}],"version-history":[{"count":2,"href":"https:\/\/noviovino.nl\/index.php?rest_route=\/wp\/v2\/product\/2330\/revisions"}],"predecessor-version":[{"id":2644,"href":"https:\/\/noviovino.nl\/index.php?rest_route=\/wp\/v2\/product\/2330\/revisions\/2644"}],"wp:featuredmedia":[{"embeddable":true,"href":"https:\/\/noviovino.nl\/index.php?rest_route=\/wp\/v2\/media\/2649"}],"wp:attachment":[{"href":"https:\/\/noviovino.nl\/index.php?rest_route=%2Fwp%2Fv2%2Fmedia&parent=2330"}],"wp:term":[{"taxonomy":"product_brand","embeddable":true,"href":"https:\/\/noviovino.nl\/index.php?rest_route=%2Fwp%2Fv2%2Fproduct_brand&post=2330"},{"taxonomy":"product_cat","embeddable":true,"href":"https:\/\/noviovino.nl\/index.php?rest_route=%2Fwp%2Fv2%2Fproduct_cat&post=2330"},{"taxonomy":"product_tag","embeddable":true,"href":"https:\/\/noviovino.nl\/index.php?rest_route=%2Fwp%2Fv2%2Fproduct_tag&post=2330"}],"curies":[{"name":"wp","href":"https:\/\/api.w.org\/{rel}","templated":true}]}}